{"id":65,"date":"2014-10-30T17:14:11","date_gmt":"2014-10-30T17:14:11","guid":{"rendered":"http:\/\/homecockpit-a320.de\/?page_id=65"},"modified":"2015-02-16T16:48:10","modified_gmt":"2015-02-16T16:48:10","slug":"hardware","status":"publish","type":"page","link":"https:\/\/homecockpit-a320.de\/?page_id=65","title":{"rendered":"Hardware"},"content":{"rendered":"<p>Simulator PC:<\/p>\n<figure id=\"attachment_224\" aria-describedby=\"caption-attachment-224\" style=\"width: 168px\" class=\"wp-caption aligncenter\"><a href=\"http:\/\/homecockpit-a320.de\/wp-content\/uploads\/2015\/01\/wpid-wp-1422463768052-e1423129212996.jpeg\"><img loading=\"lazy\" decoding=\"async\" class=\"wp-image-224 size-medium\" src=\"http:\/\/homecockpit-a320.de\/wp-content\/uploads\/2015\/01\/wpid-wp-1422463768052-e1423129212996-168x300.jpeg\" alt=\"i7-4790k @ 4,5 Ghz\" width=\"168\" height=\"300\" srcset=\"https:\/\/homecockpit-a320.de\/wp-content\/uploads\/2015\/01\/wpid-wp-1422463768052-e1423129212996-168x300.jpeg 168w, https:\/\/homecockpit-a320.de\/wp-content\/uploads\/2015\/01\/wpid-wp-1422463768052-e1423129212996-576x1024.jpeg 576w, https:\/\/homecockpit-a320.de\/wp-content\/uploads\/2015\/01\/wpid-wp-1422463768052-e1423129212996-275x490.jpeg 275w, https:\/\/homecockpit-a320.de\/wp-content\/uploads\/2015\/01\/wpid-wp-1422463768052-e1423129212996-137x245.jpeg 137w\" sizes=\"auto, (max-width: 168px) 100vw, 168px\" \/><\/a><figcaption id=\"caption-attachment-224\" class=\"wp-caption-text\">i7-4790k @ 4,5 Ghz<\/figcaption><\/figure>\n<table style=\"height: 776px;\" width=\"390\">\n<tbody>\n<tr class=\"psodd\">\n<td class=\"pscol1\"><span style=\"font-size: 12pt;\">CPU (Prozessor):<\/span><\/td>\n<td><span style=\"font-size: 12pt;\">Intel Core i7-4790K (4x 4.00 GHz, 8MB L3 Cache, freier Multiplikator)<\/span><\/td>\n<\/tr>\n<tr class=\"pseven\">\n<td class=\"pscol1\"><span style=\"font-size: 12pt;\">CPU-\u00dcbertaktung:<\/span><\/td>\n<td><span style=\"font-size: 12pt;\">Sichere \u00dcbertaktung ab Werk (@4,5 GhZ)<\/span><\/td>\n<\/tr>\n<tr class=\"psodd\">\n<td class=\"pscol1\"><span style=\"font-size: 12pt;\">CPU-K\u00fchler:<\/span><\/td>\n<td><span style=\"font-size: 12pt;\">Scythe Mugen 4 (120mm PWM-L\u00fcfter, 6x Heatpipes)<\/span><\/td>\n<\/tr>\n<tr class=\"pseven\">\n<td class=\"pscol1\"><span style=\"font-size: 12pt;\">Mainboard:<\/span><\/td>\n<td><span style=\"font-size: 12pt;\">MSI Z97 Gaming 3 (Intel Z97, USB3.0)<\/span><\/td>\n<\/tr>\n<tr class=\"psodd\">\n<td class=\"pscol1\"><span style=\"font-size: 12pt;\">Grafikkarte:<\/span><\/td>\n<td><span style=\"font-size: 12pt;\">NVIDIA GeForce GTX 760 (2GB | 2x DVI, 1x HDMI, 1x DisplayPort)<\/span><\/td>\n<\/tr>\n<tr class=\"pseven\">\n<td class=\"pscol1\"><span style=\"font-size: 12pt;\">Arbeitsspeicher:<\/span><\/td>\n<td><span style=\"font-size: 12pt;\">8GB Corsair Vengeance DDR3-1866 CL10 (2x 4GB DIMM)<\/span><\/td>\n<\/tr>\n<tr class=\"psodd\">\n<td class=\"pscol1\"><span style=\"font-size: 12pt;\">SSD:<\/span><\/td>\n<td><span style=\"font-size: 12pt;\">250GB Samsung 840 EVO (540MB\/s lesen, 520MB\/s schreiben)<\/span><\/td>\n<\/tr>\n<tr class=\"pseven\">\n<td class=\"pscol1\"><span style=\"font-size: 12pt;\">Festplatte:<\/span><\/td>\n<td><span style=\"font-size: 12pt;\">Optional &#8211; kann dazubestellt werden<\/span><\/td>\n<\/tr>\n<tr class=\"psodd\">\n<td class=\"pscol1\"><span style=\"font-size: 12pt;\">Laufwerk:<\/span><\/td>\n<td><span style=\"font-size: 12pt;\">DVD-Brenner Samsung SH-224DB (24x, DoubleLayer)<\/span><\/td>\n<\/tr>\n<tr class=\"pseven\">\n<td class=\"pscol1\"><span style=\"font-size: 12pt;\">Soundkarte:<\/span><\/td>\n<td><span style=\"font-size: 12pt;\">HD-Audio Onboard<\/span><\/td>\n<\/tr>\n<tr class=\"psodd\">\n<td class=\"pscol1\"><span style=\"font-size: 12pt;\">Netzteil:<\/span><\/td>\n<td><span style=\"font-size: 12pt;\">430W &#8211; Corsair CX Series Modular (80Plus Bronze, 120 mm)<\/span><\/td>\n<\/tr>\n<tr class=\"pseven\">\n<td class=\"pscol1\"><span style=\"font-size: 12pt;\">Geh\u00e4use:<\/span><\/td>\n<td><span style=\"font-size: 12pt;\">Corsair Carbide 300R (USB 3.0, VGA bis zu 450mm)<\/span><\/td>\n<\/tr>\n<tr class=\"psodd\">\n<td class=\"pscol1\"><span style=\"font-size: 12pt;\">Betriebssystem:<\/span><\/td>\n<td><span style=\"font-size: 12pt;\">\u00a0Windows 7 (64 bit)<\/span><\/td>\n<\/tr>\n<tr class=\"pseven\">\n<td class=\"pscol1\"><\/td>\n<td><\/td>\n<\/tr>\n<\/tbody>\n<\/table>\n","protected":false},"excerpt":{"rendered":"<p>Simulator PC: CPU (Prozessor): Intel Core i7-4790K (4x 4.00 GHz, 8MB L3 Cache, freier Multiplikator) CPU-\u00dcbertaktung: Sichere \u00dcbertaktung ab Werk (@4,5 GhZ) CPU-K\u00fchler: Scythe Mugen 4 (120mm PWM-L\u00fcfter, 6x Heatpipes) Mainboard: MSI Z97 Gaming 3 (Intel Z97, USB3.0) Grafikkarte: NVIDIA GeForce GTX 760 (2GB | 2x DVI, 1x HDMI, 1x DisplayPort) Arbeitsspeicher: 8GB Corsair Vengeance [&hellip;]<\/p>\n","protected":false},"author":1,"featured_media":0,"parent":0,"menu_order":3,"comment_status":"open","ping_status":"closed","template":"","meta":{"footnotes":""},"class_list":["post-65","page","type-page","status-publish","hentry"],"_links":{"self":[{"href":"https:\/\/homecockpit-a320.de\/index.php?rest_route=\/wp\/v2\/pages\/65","targetHints":{"allow":["GET"]}}],"collection":[{"href":"https:\/\/homecockpit-a320.de\/index.php?rest_route=\/wp\/v2\/pages"}],"about":[{"href":"https:\/\/homecockpit-a320.de\/index.php?rest_route=\/wp\/v2\/types\/page"}],"author":[{"embeddable":true,"href":"https:\/\/homecockpit-a320.de\/index.php?rest_route=\/wp\/v2\/users\/1"}],"replies":[{"embeddable":true,"href":"https:\/\/homecockpit-a320.de\/index.php?rest_route=%2Fwp%2Fv2%2Fcomments&post=65"}],"version-history":[{"count":5,"href":"https:\/\/homecockpit-a320.de\/index.php?rest_route=\/wp\/v2\/pages\/65\/revisions"}],"predecessor-version":[{"id":271,"href":"https:\/\/homecockpit-a320.de\/index.php?rest_route=\/wp\/v2\/pages\/65\/revisions\/271"}],"wp:attachment":[{"href":"https:\/\/homecockpit-a320.de\/index.php?rest_route=%2Fwp%2Fv2%2Fmedia&parent=65"}],"curies":[{"name":"wp","href":"https:\/\/api.w.org\/{rel}","templated":true}]}}